{"id":25,"date":"2024-10-05T15:23:13","date_gmt":"2024-10-05T13:23:13","guid":{"rendered":"https:\/\/laroseraiespa-club.com\/?page_id=25"},"modified":"2025-08-26T11:53:24","modified_gmt":"2025-08-26T09:53:24","slug":"contact","status":"publish","type":"page","link":"https:\/\/laroseraiespa-club.com\/?page_id=25","title":{"rendered":"Horaires tarifs"},"content":{"rendered":"<p>[et_pb_section fb_built=\u00a0\u00bb1&Prime; admin_label=\u00a0\u00bbHeader\u00a0\u00bb _builder_version=\u00a0\u00bb4.27.2&Prime; _module_preset=\u00a0\u00bbdefault\u00a0\u00bb background_color=\u00a0\u00bb#000000&Prime; background_enable_image=\u00a0\u00bboff\u00a0\u00bb custom_padding=\u00a0\u00bb||0px||false|false\u00a0\u00bb collapsed=\u00a0\u00bbon\u00a0\u00bb global_colors_info=\u00a0\u00bb{}\u00a0\u00bb][et_pb_row column_structure=\u00a0\u00bb1_3,1_3,1_3&Prime; _builder_version=\u00a0\u00bb4.27.2&Prime; _module_preset=\u00a0\u00bbdefault\u00a0\u00bb background_image=\u00a0\u00bbhttps:\/\/laroseraiespa-club.com\/wp-content\/uploads\/2024\/10\/500.jpg\u00a0\u00bb background_size=\u00a0\u00bbstretch\u00a0\u00bb global_colors_info=\u00a0\u00bb{}\u00a0\u00bb][et_pb_column type=\u00a0\u00bb1_3&Prime; _builder_version=\u00a0\u00bb4.27.2&Prime; _module_preset=\u00a0\u00bbdefault\u00a0\u00bb global_colors_info=\u00a0\u00bb{}\u00a0\u00bb][et_pb_text _builder_version=\u00a0\u00bb4.27.4&Prime; _module_preset=\u00a0\u00bbdefault\u00a0\u00bb global_colors_info=\u00a0\u00bb{}\u00a0\u00bb]<\/p>\n<p style=\"text-align: center;\">Tarifs apr\u00e8s midis :<\/p>\n<p style=\"text-align: center;\">Lundi, Mardi , Mercredi , Jeudi , Vendredi,Samedi<br \/>Couples : 35 euros (une boisson soft offerte)<br \/>Hommes : 45 euros (une boisson soft offerte)<\/p>\n<p style=\"text-align: center;\">Dimanches apr\u00e8s midi :<br \/>couples : 35 euros<br \/>Hommes : 50 euros<\/p>\n<p style=\"text-align: center;\">Gratuit pour les Dames<\/p>\n<p style=\"text-align: center;\">LA DIRECTION SE R\u00c9SERVE LE DROIT D&rsquo;ENTR\u00c9E<\/p>\n<p style=\"text-align: center;\">[\/et_pb_text][\/et_pb_column][et_pb_column type=\u00a0\u00bb1_3&Prime; _builder_version=\u00a0\u00bb4.27.2&Prime; _module_preset=\u00a0\u00bbdefault\u00a0\u00bb global_colors_info=\u00a0\u00bb{}\u00a0\u00bb][et_pb_text _builder_version=\u00a0\u00bb4.27.4&Prime; _module_preset=\u00a0\u00bbdefault\u00a0\u00bb global_colors_info=\u00a0\u00bb{}\u00a0\u00bb]<\/p>\n<p style=\"text-align: center;\">Horaires:<\/p>\n<p style=\"text-align: center;\">lundi 12 \u00e0 18h<br \/>Mardi 12h \u00e0 18h et de 20h30 \u00e0 1h<br \/>mercredi 12h \u00e0 18h et de 20h30 \u00e0 1h<br \/>jeudi 12h \u00e0 18 et de 20H30 \u00e0 1h<br \/>vendredi 12h \u00e0 18h et de 21h \u00e0 2h<br \/>samedi 14h \u00e0 19h et de\u00a0 21h \u00e0 2h<br \/>dimanche 14h \u00e0 19h<\/p>\n<p style=\"text-align: center;\">TOUS LES VENDREDIS : soir\u00e9e Gang Bang<\/p>\n<p>[\/et_pb_text][\/et_pb_column][et_pb_column type=\u00a0\u00bb1_3&Prime; _builder_version=\u00a0\u00bb4.27.2&Prime; _module_preset=\u00a0\u00bbdefault\u00a0\u00bb global_colors_info=\u00a0\u00bb{}\u00a0\u00bb][et_pb_text _builder_version=\u00a0\u00bb4.27.4&Prime; _module_preset=\u00a0\u00bbdefault\u00a0\u00bb hover_enabled=\u00a0\u00bb0&Prime; global_colors_info=\u00a0\u00bb{}\u00a0\u00bb sticky_enabled=\u00a0\u00bb0&Prime;]<\/p>\n<p style=\"text-align: center;\">Tarifs en soir\u00e9es :<\/p>\n<p style=\"text-align: center;\">Mardis , Mercredis , jeudis<\/p>\n<p style=\"text-align: center;\">Couples : 35 euros (une boisson soft offerte)<br \/>Hommes : 50 euros (une boisson soft offerte)<\/p>\n<p style=\"text-align: center;\">Vendredis , samedis<\/p>\n<p style=\"text-align: center;\">couples : 40 euros ( une boisson soft offerte)<br \/>Hommes : 60 euros ( une boisson soft offerte)<\/p>\n<p style=\"text-align: center;\">Gratuit pour les Dames<\/p>\n<p style=\"text-align: center;\">LA DIRECTION SE R\u00c9SERVE LE DROIT D&rsquo;ENTR\u00c9E<\/p>\n<p>[\/et_pb_text][\/et_pb_column][\/et_pb_row][\/et_pb_section]<\/p>\n","protected":false},"excerpt":{"rendered":"<p>Tarifs apr\u00e8s midis : Lundi, Mardi , Mercredi , Jeudi , Vendredi,SamediCouples : 35 euros (une boisson soft offerte)Hommes : 45 euros (une boisson soft offerte) Dimanches apr\u00e8s midi :couples : 35 eurosHommes : 50 euros Gratuit pour les Dames LA DIRECTION SE R\u00c9SERVE LE DROIT D&rsquo;ENTR\u00c9E Horaires: lundi 12 \u00e0 18hMardi 12h \u00e0 18h [&hellip;]<\/p>\n","protected":false},"author":1,"featured_media":0,"parent":0,"menu_order":0,"comment_status":"closed","ping_status":"closed","template":"","meta":{"_et_pb_use_builder":"on","_et_pb_old_content":"","_et_gb_content_width":"","footnotes":""},"class_list":["post-25","page","type-page","status-publish","hentry"],"jetpack_sharing_enabled":true,"_links":{"self":[{"href":"https:\/\/laroseraiespa-club.com\/index.php?rest_route=\/wp\/v2\/pages\/25","targetHints":{"allow":["GET"]}}],"collection":[{"href":"https:\/\/laroseraiespa-club.com\/index.php?rest_route=\/wp\/v2\/pages"}],"about":[{"href":"https:\/\/laroseraiespa-club.com\/index.php?rest_route=\/wp\/v2\/types\/page"}],"author":[{"embeddable":true,"href":"https:\/\/laroseraiespa-club.com\/index.php?rest_route=\/wp\/v2\/users\/1"}],"replies":[{"embeddable":true,"href":"https:\/\/laroseraiespa-club.com\/index.php?rest_route=%2Fwp%2Fv2%2Fcomments&post=25"}],"version-history":[{"count":15,"href":"https:\/\/laroseraiespa-club.com\/index.php?rest_route=\/wp\/v2\/pages\/25\/revisions"}],"predecessor-version":[{"id":245,"href":"https:\/\/laroseraiespa-club.com\/index.php?rest_route=\/wp\/v2\/pages\/25\/revisions\/245"}],"wp:attachment":[{"href":"https:\/\/laroseraiespa-club.com\/index.php?rest_route=%2Fwp%2Fv2%2Fmedia&parent=25"}],"curies":[{"name":"wp","href":"https:\/\/api.w.org\/{rel}","templated":true}]}}