{"id":23,"date":"2024-10-05T15:23:13","date_gmt":"2024-10-05T13:23:13","guid":{"rendered":"https:\/\/laroseraiespa-club.com\/?page_id=23"},"modified":"2024-10-07T18:10:44","modified_gmt":"2024-10-07T16:10:44","slug":"about","status":"publish","type":"page","link":"https:\/\/laroseraiespa-club.com\/?page_id=23","title":{"rendered":"Bon \u00e0 savoir"},"content":{"rendered":"<p>[et_pb_section fb_built=\u00a0\u00bb1&Prime; admin_label=\u00a0\u00bbHeader\u00a0\u00bb _builder_version=\u00a0\u00bb4.27.2&Prime; _module_preset=\u00a0\u00bbdefault\u00a0\u00bb background_color=\u00a0\u00bbRGBA(255,255,255,0)\u00a0\u00bb use_background_color_gradient=\u00a0\u00bbon\u00a0\u00bb background_color_gradient_stops=\u00a0\u00bbrgba(0,0,0,0.5) 0%|rgba(0,0,0,0.5) 100%\u00a0\u00bb background_color_gradient_overlays_image=\u00a0\u00bbon\u00a0\u00bb background_enable_image=\u00a0\u00bboff\u00a0\u00bb custom_padding=\u00a0\u00bb10px||10px||true|false\u00a0\u00bb hover_enabled=\u00a0\u00bb0&Prime; locked=\u00a0\u00bboff\u00a0\u00bb collapsed=\u00a0\u00bbon\u00a0\u00bb global_colors_info=\u00a0\u00bb{}\u00a0\u00bb custom_margin=\u00a0\u00bb50px||||false|false\u00a0\u00bb sticky_enabled=\u00a0\u00bb0&Prime;][et_pb_row _builder_version=\u00a0\u00bb4.27.2&Prime; _module_preset=\u00a0\u00bbdefault\u00a0\u00bb background_color=\u00a0\u00bbRGBA(255,255,255,0)\u00a0\u00bb hover_enabled=\u00a0\u00bb0&Prime; global_colors_info=\u00a0\u00bb{}\u00a0\u00bb column_structure=\u00a0\u00bb1_2,1_2&Prime; sticky_enabled=\u00a0\u00bb0&Prime; alt=\u00a0\u00bbLa Roserie SPA sauna \u2013 club libertin \u00e0 Marseille\u00a0\u00bb title_text=\u00a0\u00bbLa Roserie SPA sauna \u2013 club libertin \u00e0 Marseille\u00a0\u00bb background_image=\u00a0\u00bbhttps:\/\/laroseraiespa-club.com\/wp-content\/uploads\/2024\/10\/500.jpg\u00a0\u00bb][et_pb_column type=\u00a0\u00bb1_2&Prime; _builder_version=\u00a0\u00bb4.27.2&Prime; _module_preset=\u00a0\u00bbdefault\u00a0\u00bb global_colors_info=\u00a0\u00bb{}\u00a0\u00bb][et_pb_text _builder_version=\u00a0\u00bb4.27.2&Prime; _module_preset=\u00a0\u00bbdefault\u00a0\u00bb background_color=\u00a0\u00bbRGBA(255,255,255,0)\u00a0\u00bb hover_enabled=\u00a0\u00bb0&Prime; global_colors_info=\u00a0\u00bb{}\u00a0\u00bb sticky_enabled=\u00a0\u00bb0&Prime; background_enable_image=\u00a0\u00bboff\u00a0\u00bb]<\/p>\n<p style=\"text-align: center;\">La Roseraie est un sauna club priv\u00e9 ou la direction se r\u00e9serve le droit d&rsquo;accepter ou de refuser l&rsquo;entr\u00e9e \u00e0 qui que ce soit.<br \/>La roseraie est interdite aux mineurs.<br \/>Par mesure d&rsquo;hygi\u00e8ne et pour le respect de chacun la douche est obligatoire d\u00e8s votre arriv\u00e9e dans l&rsquo;\u00e9tablissement.<br \/>La nudit\u00e9 est obligatoire sous la serviette qui vous est fournie \u00e0 l&rsquo;entr\u00e9e.<br \/>Toute Personne consommant des substances illicites ou en faisant commerce \u00e0 L&rsquo;int\u00e9rieur de l&rsquo;\u00e9tablissement se verra expuls\u00e9e de mani\u00e8re d\u00e9finitive.<\/p>\n<p style=\"text-align: center;\">Il est formellement interdit d&rsquo;introduire de l&rsquo;alcool dans l&rsquo;\u00e9tablissement.<br \/>un \u00ab\u00a0NON\u00a0\u00bb veut dire \u00ab\u00a0NON\u00a0\u00bb et il y a aucune explication a donner. Ne suivez pas les dames ou les couples sans y avoir \u00e9t\u00e9 invit\u00e9.<br \/>Assurez-vous du consentement de la personne avant tout contact physique<br \/>Toute forme de vulgarit\u00e9 , d&rsquo;agressivit\u00e9 ou instances sera sanctionn\u00e9e<br \/>D&rsquo;une exclusion d\u00e9finitive.<\/p>\n<p style=\"text-align: center;\">La Roseraie est un lieu o\u00f9 l&rsquo;on vient passer un agr\u00e9able moment en observant les r\u00e8gles essentielles du respect d&rsquo;autrui, de courtoisie, de politesse et de discr\u00e9tion<\/p>\n<p style=\"text-align: center;\">[\/et_pb_text][\/et_pb_column][et_pb_column type=\u00a0\u00bb1_2&Prime; _builder_version=\u00a0\u00bb4.27.2&Prime; _module_preset=\u00a0\u00bbdefault\u00a0\u00bb global_colors_info=\u00a0\u00bb{}\u00a0\u00bb][et_pb_text _builder_version=\u00a0\u00bb4.27.2&Prime; _module_preset=\u00a0\u00bbdefault\u00a0\u00bb hover_enabled=\u00a0\u00bb0&Prime; sticky_enabled=\u00a0\u00bb0&Prime; alt=\u00a0\u00bbLa Roserie SPA sauna \u2013 club libertin \u00e0 Marseille\u00a0\u00bb title_text=\u00a0\u00bbLa Roserie SPA sauna \u2013 club libertin \u00e0 Marseille\u00a0\u00bb background_enable_image=\u00a0\u00bboff\u00a0\u00bb]<\/p>\n<p style=\"text-align: center;\">Vous n&rsquo;\u00eates jamais all\u00e9 dans un sauna ?<br \/>Vous vous posez des questions ?<br \/>Qu&rsquo;est -ce qu&rsquo;un sauna ??<\/p>\n<p style=\"text-align: center;\">Attention vue de l&rsquo;ext\u00e9rieur, un club libertin ressemble \u00e0 une immense orgie.<br \/>Ceux qui pensent que l&rsquo;on va vous sauter dessus \u00e0 peine la porte franchie, ne sont jamais venus, ils souhaiteraient venir, mais n&rsquo;osent pas.<\/p>\n<p style=\"text-align: center;\">En Fait rien n&rsquo;est impos\u00e9, vous pouvez venir autant de fois que vous le Souhaitez sans participer, les r\u00e8gles de base dans le milieu est Le respect.<\/p>\n<p style=\"text-align: center;\">Par contre, ne vous posez pas de question, venez une premi\u00e8re fois pour la curiosit\u00e9, venez pour vous, pour passer une agr\u00e9able apr\u00e8s-midi ou soir\u00e9e, pour vous amuser.<\/p>\n<p style=\"text-align: center;\">Si Vous souhaitez franchir le cap, sachez seulement ce que vous ne voulez pas. Si vous \u00eates en couple, discuter beaucoup avant et surtout apr\u00e8s, parlez de ce que vous avez aim\u00e9, et de ce que vous ne voulez plus, respectez surtout le choix de l&rsquo;autre, ne le forcez pas.<br \/>Venez avec un esprit cool. Le respect, le savoir-vivre, la curiosit\u00e9 restent des r\u00e8gles importantes.<br \/>Ne pas porter de jugement, chacun est libre de ses fantasmes du moment qu&rsquo;il respecte les autres.<\/p>\n<p style=\"text-align: center;\">L&rsquo;ambiance est respectueuse, conviviale et chaleureuse<\/p>\n<p>[\/et_pb_text][\/et_pb_column][\/et_pb_row][\/et_pb_section]<\/p>\n","protected":false},"excerpt":{"rendered":"<p>La Roseraie est un sauna club priv\u00e9 ou la direction se r\u00e9serve le droit d&rsquo;accepter ou de refuser l&rsquo;entr\u00e9e \u00e0 qui que ce soit.La roseraie est interdite aux mineurs.Par mesure d&rsquo;hygi\u00e8ne et pour le respect de chacun la douche est obligatoire d\u00e8s votre arriv\u00e9e dans l&rsquo;\u00e9tablissement.La nudit\u00e9 est obligatoire sous la serviette qui vous est [&hellip;]<\/p>\n","protected":false},"author":1,"featured_media":0,"parent":0,"menu_order":0,"comment_status":"closed","ping_status":"closed","template":"","meta":{"_et_pb_use_builder":"on","_et_pb_old_content":"","_et_gb_content_width":"","footnotes":""},"class_list":["post-23","page","type-page","status-publish","hentry"],"jetpack_sharing_enabled":true,"_links":{"self":[{"href":"https:\/\/laroseraiespa-club.com\/index.php?rest_route=\/wp\/v2\/pages\/23","targetHints":{"allow":["GET"]}}],"collection":[{"href":"https:\/\/laroseraiespa-club.com\/index.php?rest_route=\/wp\/v2\/pages"}],"about":[{"href":"https:\/\/laroseraiespa-club.com\/index.php?rest_route=\/wp\/v2\/types\/page"}],"author":[{"embeddable":true,"href":"https:\/\/laroseraiespa-club.com\/index.php?rest_route=\/wp\/v2\/users\/1"}],"replies":[{"embeddable":true,"href":"https:\/\/laroseraiespa-club.com\/index.php?rest_route=%2Fwp%2Fv2%2Fcomments&post=23"}],"version-history":[{"count":9,"href":"https:\/\/laroseraiespa-club.com\/index.php?rest_route=\/wp\/v2\/pages\/23\/revisions"}],"predecessor-version":[{"id":181,"href":"https:\/\/laroseraiespa-club.com\/index.php?rest_route=\/wp\/v2\/pages\/23\/revisions\/181"}],"wp:attachment":[{"href":"https:\/\/laroseraiespa-club.com\/index.php?rest_route=%2Fwp%2Fv2%2Fmedia&parent=23"}],"curies":[{"name":"wp","href":"https:\/\/api.w.org\/{rel}","templated":true}]}}