{"id":187,"date":"2024-10-07T18:24:17","date_gmt":"2024-10-07T16:24:17","guid":{"rendered":"https:\/\/laroseraiespa-club.com\/?page_id=187"},"modified":"2026-01-12T17:46:32","modified_gmt":"2026-01-12T16:46:32","slug":"accueil","status":"publish","type":"page","link":"https:\/\/laroseraiespa-club.com\/","title":{"rendered":"Accueil"},"content":{"rendered":"<p>[et_pb_section fb_built=\u00a0\u00bb1&Prime; admin_label=\u00a0\u00bbHeader &#8211; Menu\u00a0\u00bb _builder_version=\u00a0\u00bb4.24.2&Prime; _module_preset=\u00a0\u00bbdefault\u00a0\u00bb background_color=\u00a0\u00bb#000000&Prime; custom_padding=\u00a0\u00bb0px||0px||true|false\u00a0\u00bb collapsed=\u00a0\u00bbon\u00a0\u00bb global_colors_info=\u00a0\u00bb{}\u00a0\u00bb][et_pb_row _builder_version=\u00a0\u00bb4.27.2&Prime; _module_preset=\u00a0\u00bbdefault\u00a0\u00bb background_color=\u00a0\u00bb#000000&Prime; width=\u00a0\u00bb90%\u00a0\u00bb max_width=\u00a0\u00bb2000px\u00a0\u00bb min_height=\u00a0\u00bb93px\u00a0\u00bb custom_padding=\u00a0\u00bb20px||20px||true|false\u00a0\u00bb global_colors_info=\u00a0\u00bb{}\u00a0\u00bb][et_pb_column type=\u00a0\u00bb4_4&Prime; _builder_version=\u00a0\u00bb4.27.2&Prime; _module_preset=\u00a0\u00bbdefault\u00a0\u00bb custom_padding=\u00a0\u00bb||||false|false\u00a0\u00bb global_colors_info=\u00a0\u00bb{}\u00a0\u00bb][et_pb_image src=\u00a0\u00bbhttps:\/\/laroseraiespa-club.com\/wp-content\/uploads\/2024\/10\/logo-1.jpg\u00a0\u00bb alt=\u00a0\u00bbLa Roserie SPA sauna \u2013 club libertin \u00e0 Marseille\u00a0\u00bb title_text=\u00a0\u00bbLa Roserie SPA sauna \u2013 club libertin \u00e0 Marseille\u00a0\u00bb align=\u00a0\u00bbcenter\u00a0\u00bb _builder_version=\u00a0\u00bb4.27.2&Prime; _module_preset=\u00a0\u00bbdefault\u00a0\u00bb custom_margin=\u00a0\u00bb||-26px|||\u00a0\u00bb global_colors_info=\u00a0\u00bb{}\u00a0\u00bb][\/et_pb_image][et_pb_menu menu_style=\u00a0\u00bbcentered\u00a0\u00bb dropdown_menu_bg_color=\u00a0\u00bbRGBA(255,255,255,0)\u00a0\u00bb dropdown_menu_line_color=\u00a0\u00bb#8300E9&Prime; dropdown_menu_text_color=\u00a0\u00bb#FFFFFF\u00a0\u00bb mobile_menu_bg_color=\u00a0\u00bb#000000&Prime; mobile_menu_text_color=\u00a0\u00bb#FFFFFF\u00a0\u00bb logo=\u00a0\u00bb@ET-DC@eyJkeW5hbWljIjp0cnVlLCJjb250ZW50Ijoic2l0ZV9sb2dvIiwic2V0dGluZ3MiOnt9fQ==@\u00a0\u00bb logo_url=\u00a0\u00bb@ET-DC@eyJkeW5hbWljIjp0cnVlLCJjb250ZW50IjoiaG9tZV91cmwiLCJzZXR0aW5ncyI6e319@\u00a0\u00bb show_cart_icon=\u00a0\u00bboff\u00a0\u00bb show_search_icon=\u00a0\u00bboff\u00a0\u00bb active_link_color_tablet=\u00a0\u00bb#FFFFFF\u00a0\u00bb active_link_color_phone=\u00a0\u00bb#FFFFFF\u00a0\u00bb active_link_color_last_edited=\u00a0\u00bbon|phone\u00a0\u00bb module_id=\u00a0\u00bbmenu-scrollable\u00a0\u00bb _builder_version=\u00a0\u00bb4.27.2&Prime; _dynamic_attributes=\u00a0\u00bblogo,logo_url\u00a0\u00bb _module_preset=\u00a0\u00bb80c73e0c-d31b-4f42-9a05-1d9803fb6181&Prime; menu_text_color=\u00a0\u00bb#d000ff\u00a0\u00bb background_color=\u00a0\u00bb#000000&Prime; custom_margin=\u00a0\u00bb40px||0px||false|false\u00a0\u00bb custom_padding=\u00a0\u00bb3px||3px||true|false\u00a0\u00bb menu_text_color_tablet=\u00a0\u00bb#d000ff\u00a0\u00bb menu_text_color_phone=\u00a0\u00bb#d000ff\u00a0\u00bb menu_text_color_last_edited=\u00a0\u00bbon|tablet\u00a0\u00bb background_color_tablet=\u00a0\u00bbRGBA(255,255,255,0)\u00a0\u00bb background_color_phone=\u00a0\u00bbRGBA(255,255,255,0)\u00a0\u00bb background_last_edited=\u00a0\u00bbon|phone\u00a0\u00bb background_enable_color_tablet=\u00a0\u00bbon\u00a0\u00bb background_enable_color_phone=\u00a0\u00bbon\u00a0\u00bb custom_css_free_form=\u00a0\u00bb@media (max-width: 99999px) {||#menu-scrollable .et_pb_menu__menu {||  display: block;||  overflow-x : hidden;||  }||||#menu-scrollable .mobile_menu_bar {||  display: none;||  }||}\u00a0\u00bb global_colors_info=\u00a0\u00bb{%22gcid-primary-color%22:%91%22active_link_color%22,%22dropdown_menu_active_link_color%22,%22active_link_color%22,%22dropdown_menu_active_link_color%22,%22active_link_color%22,%22dropdown_menu_active_link_color%22,%22active_link_color%22,%22dropdown_menu_active_link_color%22,%22active_link_color%22,%22dropdown_menu_active_link_color%22,%22active_link_color%22,%22dropdown_menu_active_link_color%22,%22active_link_color%22,%22dropdown_menu_active_link_color%22,%22active_link_color%22,%22dropdown_menu_active_link_color%22,%22active_link_color%22,%22dropdown_menu_active_link_color%22,%22active_link_color%22,%22dropdown_menu_active_link_color%22%93,%22gcid-heading-color%22:%91%22dropdown_menu_text_color%22,%22mobile_menu_text_color%22,%22dropdown_menu_text_color%22,%22mobile_menu_text_color%22,%22dropdown_menu_text_color%22,%22mobile_menu_text_color%22,%22dropdown_menu_text_color%22,%22mobile_menu_text_color%22,%22mobile_menu_text_color%22,%22mobile_menu_text_color%22,%22mobile_menu_text_color%22,%22mobile_menu_text_color%22%93}\u00a0\u00bb][\/et_pb_menu][\/et_pb_column][\/et_pb_row][\/et_pb_section][et_pb_section fb_built=\u00a0\u00bb1&Prime; _builder_version=\u00a0\u00bb4.27.2&Prime; _module_preset=\u00a0\u00bbdefault\u00a0\u00bb background_color=\u00a0\u00bb#000000&Prime; background_image=\u00a0\u00bbhttps:\/\/laroseraiespa-club.com\/wp-content\/uploads\/2024\/10\/401.jpg\u00a0\u00bb custom_padding=\u00a0\u00bb|0px||||\u00a0\u00bb global_colors_info=\u00a0\u00bb{}\u00a0\u00bb][et_pb_row _builder_version=\u00a0\u00bb4.27.2&Prime; _module_preset=\u00a0\u00bbdefault\u00a0\u00bb global_colors_info=\u00a0\u00bb{}\u00a0\u00bb][et_pb_column type=\u00a0\u00bb4_4&Prime; _builder_version=\u00a0\u00bb4.27.2&Prime; _module_preset=\u00a0\u00bbdefault\u00a0\u00bb global_colors_info=\u00a0\u00bb{}\u00a0\u00bb][et_pb_text _builder_version=\u00a0\u00bb4.27.4&Prime; _module_preset=\u00a0\u00bbdefault\u00a0\u00bb hover_enabled=\u00a0\u00bb0&Prime; global_colors_info=\u00a0\u00bb{}\u00a0\u00bb sticky_enabled=\u00a0\u00bb0&Prime;]<\/p>\n<p style=\"text-align: center;\">LA ROSERAIE SPA CLUB<\/p>\n<p style=\"text-align: center;\">124 rue liandier 13008 Marseille<\/p>\n<p style=\"text-align: center;\">parking priv\u00e9 et gartiuit<\/p>\n<p style=\"text-align: center;\">NOUVEAU : tramway 3 station\u00a0 Cantini Rouet : 40 m<\/p>\n<p style=\"text-align: center;\">m\u00e9tro perrier : 700 m<\/p>\n<p style=\"text-align: center;\">\u00e9tablissement mixte ( Hommes, Femmes, Couples) de 150 m2 situ\u00e9 dans le 8\u00e8me arrondissement de Marseille \u00e0 proximit\u00e9 des autoroutes toutes directions.<br \/>Accessible en bus, m\u00e9tro,tramway , \u00c9tablissement cr\u00e9\u00e9 en 2021<\/p>\n<p style=\"text-align: center;\">PARKING PRIV\u00c9 et gratuit en journ\u00e9e et en soir\u00e9e , Le quartier offre pas mal de places de stationnement.<\/p>\n<p style=\"text-align: center;\">Dress code : tenue de ville (pr\u00e9sentable)<\/p>\n<p style=\"text-align: center;\">Pas de Surv\u00eatement Baskets<\/p>\n<p style=\"text-align: center;\">\u00c9TABLISSEMENT CLIMATIS\u00c9 ET NON FUMEUR<\/p>\n<p style=\"text-align: center;\">Cigarette \u00e9lectronique autoris\u00e9e<\/p>\n<p style=\"text-align: center;\">toute sortie est d\u00e9finitive<\/p>\n<p style=\"text-align: center;\">La direction se r\u00e9serve le droit d&rsquo;entr\u00e9e<\/p>\n<p>[\/et_pb_text][\/et_pb_column][\/et_pb_row][\/et_pb_section][et_pb_section fb_built=\u00a0\u00bb1&Prime; admin_label=\u00a0\u00bbFooter\u00a0\u00bb _builder_version=\u00a0\u00bb4.25.1&Prime; _module_preset=\u00a0\u00bb0ca38eb8-749a-4a1f-b19f-8dff8ea7c9c1&Prime; saved_tabs=\u00a0\u00bball\u00a0\u00bb locked=\u00a0\u00bboff\u00a0\u00bb collapsed=\u00a0\u00bbon\u00a0\u00bb global_colors_info=\u00a0\u00bb{}\u00a0\u00bb][et_pb_row column_structure=\u00a0\u00bb1_3,1_3,1_3&Prime; _builder_version=\u00a0\u00bb4.25.1&Prime; _module_preset=\u00a0\u00bb69e29d55-b67d-4277-9c65-e510f0b24de1&Prime; global_colors_info=\u00a0\u00bb{}\u00a0\u00bb][et_pb_column type=\u00a0\u00bb1_3&Prime; _builder_version=\u00a0\u00bb4.24.1&Prime; _module_preset=\u00a0\u00bbdefault\u00a0\u00bb global_colors_info=\u00a0\u00bb{}\u00a0\u00bb][\/et_pb_column][et_pb_column type=\u00a0\u00bb1_3&Prime; _builder_version=\u00a0\u00bb4.24.1&Prime; _module_preset=\u00a0\u00bbdefault\u00a0\u00bb global_colors_info=\u00a0\u00bb{}\u00a0\u00bb][et_pb_text _builder_version=\u00a0\u00bb4.27.2&Prime; _module_preset=\u00a0\u00bbd63c32f5-84a5-4cc7-b5c6-ce6ac24daf53&Prime; text_font=\u00a0\u00bb|||on|||||\u00a0\u00bb text_text_color=\u00a0\u00bb#dc00f9&Prime; text_orientation=\u00a0\u00bbcenter\u00a0\u00bb global_colors_info=\u00a0\u00bb{}\u00a0\u00bb]<\/p>\n<p>La Roserie SPA sauna &#8211; club libertin \u00e0 Marseille<\/p>\n<p>124 rue Liandier<br \/>13008 Marseille<br \/>04 91 85 66 94<\/p>\n<p>[\/et_pb_text][\/et_pb_column][et_pb_column type=\u00a0\u00bb1_3&Prime; _builder_version=\u00a0\u00bb4.24.1&Prime; _module_preset=\u00a0\u00bbdefault\u00a0\u00bb global_colors_info=\u00a0\u00bb{}\u00a0\u00bb][et_pb_social_media_follow _builder_version=\u00a0\u00bb4.27.2&Prime; _module_preset=\u00a0\u00bba183d832-9753-4fd6-9d3c-f2edee2198b8&Prime; text_orientation=\u00a0\u00bbright\u00a0\u00bb text_orientation_tablet=\u00a0\u00bbcenter\u00a0\u00bb text_orientation_phone=\u00a0\u00bbcenter\u00a0\u00bb text_orientation_last_edited=\u00a0\u00bbon|tablet\u00a0\u00bb global_colors_info=\u00a0\u00bb{}\u00a0\u00bb][et_pb_social_media_follow_network social_network=\u00a0\u00bbfacebook\u00a0\u00bb url=\u00a0\u00bbhttps:\/\/www.facebook.com\/saunaclub.laroseraie\u00a0\u00bb _builder_version=\u00a0\u00bb4.27.2&Prime; _module_preset=\u00a0\u00bbdefault\u00a0\u00bb global_colors_info=\u00a0\u00bb{}\u00a0\u00bb follow_button=\u00a0\u00bboff\u00a0\u00bb url_new_window=\u00a0\u00bbon\u00a0\u00bb]facebook[\/et_pb_social_media_follow_network][\/et_pb_social_media_follow][\/et_pb_column][\/et_pb_row][\/et_pb_section]<\/p>\n","protected":false},"excerpt":{"rendered":"<p>LA ROSERAIE SPA CLUB 124 rue liandier 13008 Marseille parking priv\u00e9 et gartiuit NOUVEAU : tramway 3 station\u00a0 Cantini Rouet : 40 m m\u00e9tro perrier : 700 m \u00e9tablissement mixte ( Hommes, Femmes, Couples) de 150 m2 situ\u00e9 dans le 8\u00e8me arrondissement de Marseille \u00e0 proximit\u00e9 des autoroutes toutes directions.Accessible en bus, m\u00e9tro,tramway , \u00c9tablissement [&hellip;]<\/p>\n","protected":false},"author":1,"featured_media":0,"parent":0,"menu_order":0,"comment_status":"closed","ping_status":"closed","template":"","meta":{"_et_pb_use_builder":"on","_et_pb_old_content":"","_et_gb_content_width":"","footnotes":""},"class_list":["post-187","page","type-page","status-publish","hentry"],"jetpack_sharing_enabled":true,"_links":{"self":[{"href":"https:\/\/laroseraiespa-club.com\/index.php?rest_route=\/wp\/v2\/pages\/187","targetHints":{"allow":["GET"]}}],"collection":[{"href":"https:\/\/laroseraiespa-club.com\/index.php?rest_route=\/wp\/v2\/pages"}],"about":[{"href":"https:\/\/laroseraiespa-club.com\/index.php?rest_route=\/wp\/v2\/types\/page"}],"author":[{"embeddable":true,"href":"https:\/\/laroseraiespa-club.com\/index.php?rest_route=\/wp\/v2\/users\/1"}],"replies":[{"embeddable":true,"href":"https:\/\/laroseraiespa-club.com\/index.php?rest_route=%2Fwp%2Fv2%2Fcomments&post=187"}],"version-history":[{"count":24,"href":"https:\/\/laroseraiespa-club.com\/index.php?rest_route=\/wp\/v2\/pages\/187\/revisions"}],"predecessor-version":[{"id":279,"href":"https:\/\/laroseraiespa-club.com\/index.php?rest_route=\/wp\/v2\/pages\/187\/revisions\/279"}],"wp:attachment":[{"href":"https:\/\/laroseraiespa-club.com\/index.php?rest_route=%2Fwp%2Fv2%2Fmedia&parent=187"}],"curies":[{"name":"wp","href":"https:\/\/api.w.org\/{rel}","templated":true}]}}